{"id":21761,"date":"2015-06-01T23:08:36","date_gmt":"2015-06-01T23:08:36","guid":{"rendered":"http:\/\/menuk.ee\/ejskoolitus\/?page_id=21761"},"modified":"2019-05-08T10:22:13","modified_gmt":"2019-05-08T10:22:13","slug":"avaleht-menu-transparent","status":"publish","type":"page","link":"https:\/\/heatavajuhend.epkk.ee\/pktootleja\/","title":{"rendered":"Avaleht"},"content":{"rendered":"<div class=\"wpb-content-wrapper\"><p>[vc_row row_type=&#8221;row&#8221; use_row_as_full_screen_section=&#8221;no&#8221; type=&#8221;grid&#8221; text_align=&#8221;center&#8221; padding_top=&#8221;110&#8243; padding_bottom=&#8221;120&#8243; css_animation=&#8221;element_from_bottom&#8221;][vc_column][vc_column_text] <img loading=\"lazy\" decoding=\"async\" class=\" wp-image-27714 aligncenter\" src=\"https:\/\/heatavajuhend.epkk.ee\/pktootleja\/wp-content\/uploads\/2019\/04\/viljad-copy.png\" alt=\"\" width=\"196\" height=\"98\" srcset=\"https:\/\/heatavajuhend.epkk.ee\/pktootleja\/wp-content\/uploads\/2019\/04\/viljad-copy.png 658w, https:\/\/heatavajuhend.epkk.ee\/pktootleja\/wp-content\/uploads\/2019\/04\/viljad-copy-300x150.png 300w, https:\/\/heatavajuhend.epkk.ee\/pktootleja\/wp-content\/uploads\/2019\/04\/viljad-copy-640x320.png 640w\" sizes=\"(max-width: 196px) 100vw, 196px\" \/> [\/vc_column_text][vc_empty_space height=&#8221;30px&#8221;][vc_column_text]<\/p>\n<h2 style=\"text-align: center;\">Hea h\u00fcgieenitava juhend puu- ja k\u00f6\u00f6givilja t\u00f6\u00f6tlejale<\/h2>\n<p>[\/vc_column_text][vc_empty_space height=&#8221;30px&#8221;][vc_column_text css=&#8221;.vc_custom_1557310931066{margin-right: 40px !important;margin-left: 40px !important;}&#8221;]<\/p>\n<p><strong>Hea v\u00e4ikeettev\u00f5tja!<\/strong> <br \/>\nSelle juhendi eesm\u00e4rk on selgitada \u00f5igusaktist tulenevaid n\u00f5udeid ennek\u00f5ike v\u00e4ikeste puu- ja k\u00f6\u00f6givilja t\u00f6\u00f6tlejate erip\u00e4rast l\u00e4htuvalt. Neid selgitusi on m\u00f5istlik arvestada nii uue v\u00e4ikese t\u00f6\u00f6tlemisruumi projekteerimise alguses kui ka \u00fcmberehituse teostamisel. Juhendi j\u00e4rgimine on vabatahtlik, sest k\u00e4esoleval juhendil pole otseselt \u00f5iguslikku j\u00f5udu, kuid see \u00fchtlustab hea h\u00fcgieenitava n\u00f5uetest arusaamist ja viitab teemadele, millele puu- ja k\u00f6\u00f6givilja t\u00f6\u00f6tlemisettev\u00f5tet rajades tuleb nii v\u00f5i teisiti m\u00f5elda. Abiks ja lihtsustamaks enesekontrolliplaani dokumentatsiooni loomist uue puu- ja k\u00f6\u00f6givilja t\u00f6\u00f6tlemisettev\u00f5tte rajamisel on juhendi l\u00f5pus elektrooniliselt t\u00e4idetav vorm, mida on v\u00f5imalik kohandada vastavalt oma ettev\u00f5ttele.<\/p>\n<p>[\/vc_column_text][vc_empty_space height=&#8221;40px&#8221;]<a href=\"https:\/\/heatavajuhend.epkk.ee\/pktootleja\/tutvustus\/\" target=\"_self\" data-hover-background-color=#ff5400 data-hover-border-color=#ff5400  class=\"qbutton  medium\" style=\"\">Vaata l\u00e4hemalt<\/a>[\/vc_column][\/vc_row]<\/p>\n<\/div>","protected":false},"excerpt":{"rendered":"<p>[vc_row row_type=&#8221;row&#8221; use_row_as_full_screen_section=&#8221;no&#8221; type=&#8221;grid&#8221; text_align=&#8221;center&#8221; padding_top=&#8221;110&#8243; padding_bottom=&#8221;120&#8243; css_animation=&#8221;element_from_bottom&#8221;][vc_column][vc_column_text] [\/vc_column_text][vc_empty_space height=&#8221;30px&#8221;][vc_column_text]&#8230;<\/p>\n","protected":false},"author":1,"featured_media":0,"parent":0,"menu_order":0,"comment_status":"open","ping_status":"open","template":"full_width.php","meta":{"footnotes":""},"_links":{"self":[{"href":"https:\/\/heatavajuhend.epkk.ee\/pktootleja\/wp-json\/wp\/v2\/pages\/21761"}],"collection":[{"href":"https:\/\/heatavajuhend.epkk.ee\/pktootleja\/wp-json\/wp\/v2\/pages"}],"about":[{"href":"https:\/\/heatavajuhend.epkk.ee\/pktootleja\/wp-json\/wp\/v2\/types\/page"}],"author":[{"embeddable":true,"href":"https:\/\/heatavajuhend.epkk.ee\/pktootleja\/wp-json\/wp\/v2\/users\/1"}],"replies":[{"embeddable":true,"href":"https:\/\/heatavajuhend.epkk.ee\/pktootleja\/wp-json\/wp\/v2\/comments?post=21761"}],"version-history":[{"count":48,"href":"https:\/\/heatavajuhend.epkk.ee\/pktootleja\/wp-json\/wp\/v2\/pages\/21761\/revisions"}],"predecessor-version":[{"id":27768,"href":"https:\/\/heatavajuhend.epkk.ee\/pktootleja\/wp-json\/wp\/v2\/pages\/21761\/revisions\/27768"}],"wp:attachment":[{"href":"https:\/\/heatavajuhend.epkk.ee\/pktootleja\/wp-json\/wp\/v2\/media?parent=21761"}],"curies":[{"name":"wp","href":"https:\/\/api.w.org\/{rel}","templated":true}]}}